{"id":5422,"date":"2022-06-28T16:34:22","date_gmt":"2022-06-28T16:34:22","guid":{"rendered":"https:\/\/phytosemsarl.com\/?post_type=product&#038;p=5422"},"modified":"2026-03-02T19:03:24","modified_gmt":"2026-03-02T19:03:24","slug":"x-fert-silicon-17","status":"publish","type":"product","link":"https:\/\/phytosemsarl.com\/index.php\/produit\/x-fert-silicon-17\/","title":{"rendered":"X-FERT SILICON 17"},"content":{"rendered":"","protected":false},"excerpt":{"rendered":"<p>Le silicium 17 est b\u00e9n\u00e9fique en tant que nutriment, agent de transport et additif. Il est efficace pour tous les sols et le plus recommand\u00e9 pour les sols pr\u00e9sentant un rendement r\u00e9duit ou un<br \/>\nfaible potentiel de croissance en raison des mauvais pH, des sols sableux ou \u00e0 forte porosit\u00e9. Le<br \/>\nsilicium est consid\u00e9r\u00e9 comme une \u00abanomalie\u00bb des \u00e9l\u00e9ments nutritifs des plantes. La teneur en silice des plantes est \u00e9quivalente ou sup\u00e9rieure \u00e0 celle des principaux nutriments fournis par les engrais.<br \/>\nAVANTAGES DU SILICIUM-17<br \/>\n1 Le renforcement des cellules \u00e9pidermiques dans les feuilles et les tiges.<br \/>\n2. Le silicium-17 est un constituant important de l&rsquo;ADN et de l&rsquo;ARN.<br \/>\n3. Silicium-17 diminue la toxicit\u00e9.<br \/>\n4. Le silicium-17 r\u00e9gule l&rsquo;utilisation de l&rsquo;eau.<br \/>\n5. Le silicium-17 am\u00e9liore la croissance et le rendement des plantes.<br \/>\n6. La silice-17 am\u00e9liore la pollinisation des tomates et am\u00e9liore la fertilit\u00e9 du pollen dans les<br \/>\ncucurbitac\u00e9es.<br \/>\n7. Silicium-17 r\u00e9sistant aux parasites et aux maladies.<br \/>\nZONES D&rsquo;APPLICATION<br \/>\nApplication dans l&rsquo;agriculture commerciale, les grandes cultures, l&rsquo;horticulture, les cultures<br \/>\nmara\u00eech\u00e8res et les serres,<br \/>\nCULTURES SUGG\u00c9R\u00c9ES Mangue, Noix de Coco; Papaye, Litchi, Jackfruits, Ananas, Piments, Fleurs<br \/>\nCultures, Jasmin, Roses, L\u00e9gumes (Tomate, Pois, Capsicum, Chou, Chou-fleur etc.), Cucurbitac\u00e9es,<br \/>\nSoja, Arachide, Paddy.<br \/>\nDOSE<br \/>\n0.5-1 g par litre d&rsquo;eau requis pour la pulv\u00e9risation.<br \/>\nEMBALLAGE DISPONIBLE: 100 g, 1 Kg<\/p>\n","protected":false},"featured_media":5423,"comment_status":"open","ping_status":"closed","template":"","meta":{"om_disable_all_campaigns":false,"_monsterinsights_skip_tracking":false,"_monsterinsights_sitenote_active":false,"_monsterinsights_sitenote_note":"","_monsterinsights_sitenote_category":0,"site-sidebar-layout":"default","site-content-layout":"default","ast-site-content-layout":"default","site-content-style":"default","site-sidebar-style":"default","ast-global-header-display":"","ast-banner-title-visibility":"","ast-main-header-display":"","ast-hfb-above-header-display":"","ast-hfb-below-header-display":"","ast-hfb-mobile-header-display":"","site-post-title":"","ast-breadcrumbs-content":"","ast-featured-img":"","footer-sml-layout":"","ast-disable-related-posts":"","theme-transparent-header-meta":"default","adv-header-id-meta":"","stick-header-meta":"","header-above-stick-meta":"","header-main-stick-meta":"","header-below-stick-meta":"","astra-migrate-meta-layouts":"default","ast-page-background-enabled":"default","ast-page-background-meta":{"desktop":{"background-color":"","background-image":"","background-repeat":"repeat","background-position":"center center","background-size":"auto","background-attachment":"scroll","background-type":"","background-media":"","overlay-type":"","overlay-color":"","overlay-opacity":"","overlay-gradient":""},"tablet":{"background-color":"","background-image":"","background-repeat":"repeat","background-position":"center center","background-size":"auto","background-attachment":"scroll","background-type":"","background-media":"","overlay-type":"","overlay-color":"","overlay-opacity":"","overlay-gradient":""},"mobile":{"background-color":"","background-image":"","background-repeat":"repeat","background-position":"center center","background-size":"auto","background-attachment":"scroll","background-type":"","background-media":"","overlay-type":"","overlay-color":"","overlay-opacity":"","overlay-gradient":""}},"ast-content-background-meta":{"desktop":{"background-color":"var(--ast-global-color-5)","background-image":"","background-repeat":"repeat","background-position":"center center","background-size":"auto","background-attachment":"scroll","background-type":"","background-media":"","overlay-type":"","overlay-color":"","overlay-opacity":"","overlay-gradient":""},"tablet":{"background-color":"var(--ast-global-color-5)","background-image":"","background-repeat":"repeat","background-position":"center center","background-size":"auto","background-attachment":"scroll","background-type":"","background-media":"","overlay-type":"","overlay-color":"","overlay-opacity":"","overlay-gradient":""},"mobile":{"background-color":"var(--ast-global-color-5)","background-image":"","background-repeat":"repeat","background-position":"center center","background-size":"auto","background-attachment":"scroll","background-type":"","background-media":"","overlay-type":"","overlay-color":"","overlay-opacity":"","overlay-gradient":""}}},"product_brand":[],"product_cat":[33],"product_tag":[],"class_list":{"0":"post-5422","1":"product","2":"type-product","3":"status-publish","4":"has-post-thumbnail","6":"product_cat-produits","7":"desktop-align-left","8":"tablet-align-left","9":"mobile-align-left","11":"first","12":"instock","13":"shipping-taxable","14":"product-type-simple"},"aioseo_notices":[],"jetpack-related-posts":[],"jetpack_sharing_enabled":true,"_links":{"self":[{"href":"https:\/\/phytosemsarl.com\/index.php\/wp-json\/wp\/v2\/product\/5422","targetHints":{"allow":["GET"]}}],"collection":[{"href":"https:\/\/phytosemsarl.com\/index.php\/wp-json\/wp\/v2\/product"}],"about":[{"href":"https:\/\/phytosemsarl.com\/index.php\/wp-json\/wp\/v2\/types\/product"}],"replies":[{"embeddable":true,"href":"https:\/\/phytosemsarl.com\/index.php\/wp-json\/wp\/v2\/comments?post=5422"}],"wp:featuredmedia":[{"embeddable":true,"href":"https:\/\/phytosemsarl.com\/index.php\/wp-json\/wp\/v2\/media\/5423"}],"wp:attachment":[{"href":"https:\/\/phytosemsarl.com\/index.php\/wp-json\/wp\/v2\/media?parent=5422"}],"wp:term":[{"taxonomy":"product_brand","embeddable":true,"href":"https:\/\/phytosemsarl.com\/index.php\/wp-json\/wp\/v2\/product_brand?post=5422"},{"taxonomy":"product_cat","embeddable":true,"href":"https:\/\/phytosemsarl.com\/index.php\/wp-json\/wp\/v2\/product_cat?post=5422"},{"taxonomy":"product_tag","embeddable":true,"href":"https:\/\/phytosemsarl.com\/index.php\/wp-json\/wp\/v2\/product_tag?post=5422"}],"curies":[{"name":"wp","href":"https:\/\/api.w.org\/{rel}","templated":true}]}}