{"id":5151,"date":"2022-05-20T11:37:36","date_gmt":"2022-05-20T11:37:36","guid":{"rendered":"https:\/\/phytosemsarl.com\/?post_type=product&#038;p=5151"},"modified":"2026-02-17T01:52:41","modified_gmt":"2026-02-17T01:52:41","slug":"x-fert-bunad","status":"publish","type":"product","link":"https:\/\/phytosemsarl.com\/index.php\/produit\/x-fert-bunad\/","title":{"rendered":"X-FERT BUNAD"},"content":{"rendered":"","protected":false},"excerpt":{"rendered":"<p>X-FERT BUNAD (Bio-fongicide) est une alternative viable aux fongicides\u00a0 chimiques et<br \/>\npeut \u00eatreutilis\u00e9 dans le cadre d&rsquo;un programme de gestion int\u00e9gr\u00e9e des maladies visant \u00e0 r\u00e9duire le risque d&rsquo;agents pathog\u00e8nes aux fongicides traditionnels \u00e0 base de produits chimiques.<br \/>\nAVANTAGES DE BUNAD<br \/>\nR\u00e9duire l&rsquo;utilisation de fongicides chimiques.<br \/>\nBunad est plus s\u00fbr \u00e0 utiliser et a un intervalle de r\u00e9-entr\u00e9e plus faible. Bunad a une action<br \/>\npr\u00e9ventive et curative contre le mildiou sur plusieurs cultures de fruits et l\u00e9gumes.<br \/>\nBUNAD est compatible avec d&rsquo;autres fongicides et insecticides. De nombreux produits peuvent \u00eatre utilis\u00e9s en rotation avec BUNAD.<br \/>\nBUNAD peut \u00eatre appliqu\u00e9 entant que traitement autonome pour contr\u00f4ler une maladie cible, \u00e0<br \/>\ncondition que l&rsquo;application soit faite avant le d\u00e9but de la maladie. Cependant, une meilleure pratique consiste \u00e0 combiner une BUNAD avec des pratiques culturelles, ce qui<br \/>\nentra\u00eenera probablement une meilleure gestion des maladies.<br \/>\nDans un syst\u00e8me de production de l\u00e9gumes biologiques, les producteurs doivent adopter et<br \/>\nmettre en \u0153uvre des pratiques int\u00e9gr\u00e9es de gestion des ravageurs (PM) telles que le d\u00e9pistage sur le terrain pour l&rsquo;incidence des maladies, l&rsquo;identification des sympt\u00f4mes de la maladie, la rotation des cultures et l&rsquo;assainissement sur le terrain. Ces pratiques aideront le producteur \u00e0 prendre de bonnes d\u00e9cisions<br \/>\npour am\u00e9liorer la gestion de la maladie dans son exploitation.<br \/>\nDOMAINE D&rsquo;APPLICATION<br \/>\nApplication \u00e0 grande \u00e9chelle dans les cultures mara\u00eech\u00e8res et horticoles.<br \/>\nApplication dans les l\u00e9gumes \u00e0 feuilles.<br \/>\nApplication enserre et dans les cultures commerciales.<br \/>\nCULTURES SUGG\u00c9R\u00c9ES<br \/>\nCoton, piments, Raisins, Grenade, Cultures de Fleurs, Jasmin, Roses, L\u00e9gumes (Tomate, Pois,<br \/>\nCapsicum, Chou, Chou-fleur, etc.), Cucurbitac\u00e9es, Soja, Arachide, Paddy.<br \/>\nDOSE \/ TAUX D&rsquo;APPLICATION<br \/>\npour pr\u00e9venir le traitement: 3 g Bunad \/ litre d&rsquo;eau (pulv\u00e9risation)<br \/>\npour le traitement curatif: 5 g Bunad \/ litre d&rsquo;eau (pulv\u00e9risation)<br \/>\nEMBALLAGE DISPONIBLE:100 gm,1 Kg.<br \/>\nIMPORTATEUR PARTENAIRE EXCLUSIF<\/p>\n","protected":false},"featured_media":5216,"comment_status":"open","ping_status":"closed","template":"","meta":{"om_disable_all_campaigns":false,"_monsterinsights_skip_tracking":false,"_monsterinsights_sitenote_active":false,"_monsterinsights_sitenote_note":"","_monsterinsights_sitenote_category":0,"site-sidebar-layout":"default","site-content-layout":"default","ast-site-content-layout":"default","site-content-style":"default","site-sidebar-style":"default","ast-global-header-display":"","ast-banner-title-visibility":"","ast-main-header-display":"","ast-hfb-above-header-display":"","ast-hfb-below-header-display":"","ast-hfb-mobile-header-display":"","site-post-title":"","ast-breadcrumbs-content":"","ast-featured-img":"","footer-sml-layout":"","ast-disable-related-posts":"","theme-transparent-header-meta":"default","adv-header-id-meta":"","stick-header-meta":"","header-above-stick-meta":"","header-main-stick-meta":"","header-below-stick-meta":"","astra-migrate-meta-layouts":"default","ast-page-background-enabled":"default","ast-page-background-meta":{"desktop":{"background-color":"","background-image":"","background-repeat":"repeat","background-position":"center center","background-size":"auto","background-attachment":"scroll","background-type":"","background-media":"","overlay-type":"","overlay-color":"","overlay-opacity":"","overlay-gradient":""},"tablet":{"background-color":"","background-image":"","background-repeat":"repeat","background-position":"center center","background-size":"auto","background-attachment":"scroll","background-type":"","background-media":"","overlay-type":"","overlay-color":"","overlay-opacity":"","overlay-gradient":""},"mobile":{"background-color":"","background-image":"","background-repeat":"repeat","background-position":"center center","background-size":"auto","background-attachment":"scroll","background-type":"","background-media":"","overlay-type":"","overlay-color":"","overlay-opacity":"","overlay-gradient":""}},"ast-content-background-meta":{"desktop":{"background-color":"var(--ast-global-color-5)","background-image":"","background-repeat":"repeat","background-position":"center center","background-size":"auto","background-attachment":"scroll","background-type":"","background-media":"","overlay-type":"","overlay-color":"","overlay-opacity":"","overlay-gradient":""},"tablet":{"background-color":"var(--ast-global-color-5)","background-image":"","background-repeat":"repeat","background-position":"center center","background-size":"auto","background-attachment":"scroll","background-type":"","background-media":"","overlay-type":"","overlay-color":"","overlay-opacity":"","overlay-gradient":""},"mobile":{"background-color":"var(--ast-global-color-5)","background-image":"","background-repeat":"repeat","background-position":"center center","background-size":"auto","background-attachment":"scroll","background-type":"","background-media":"","overlay-type":"","overlay-color":"","overlay-opacity":"","overlay-gradient":""}}},"product_brand":[],"product_cat":[33],"product_tag":[],"class_list":{"0":"post-5151","1":"product","2":"type-product","3":"status-publish","4":"has-post-thumbnail","6":"product_cat-produits","7":"desktop-align-left","8":"tablet-align-left","9":"mobile-align-left","11":"first","12":"instock","13":"shipping-taxable","14":"product-type-simple"},"aioseo_notices":[],"jetpack-related-posts":[],"jetpack_sharing_enabled":true,"_links":{"self":[{"href":"https:\/\/phytosemsarl.com\/index.php\/wp-json\/wp\/v2\/product\/5151","targetHints":{"allow":["GET"]}}],"collection":[{"href":"https:\/\/phytosemsarl.com\/index.php\/wp-json\/wp\/v2\/product"}],"about":[{"href":"https:\/\/phytosemsarl.com\/index.php\/wp-json\/wp\/v2\/types\/product"}],"replies":[{"embeddable":true,"href":"https:\/\/phytosemsarl.com\/index.php\/wp-json\/wp\/v2\/comments?post=5151"}],"wp:featuredmedia":[{"embeddable":true,"href":"https:\/\/phytosemsarl.com\/index.php\/wp-json\/wp\/v2\/media\/5216"}],"wp:attachment":[{"href":"https:\/\/phytosemsarl.com\/index.php\/wp-json\/wp\/v2\/media?parent=5151"}],"wp:term":[{"taxonomy":"product_brand","embeddable":true,"href":"https:\/\/phytosemsarl.com\/index.php\/wp-json\/wp\/v2\/product_brand?post=5151"},{"taxonomy":"product_cat","embeddable":true,"href":"https:\/\/phytosemsarl.com\/index.php\/wp-json\/wp\/v2\/product_cat?post=5151"},{"taxonomy":"product_tag","embeddable":true,"href":"https:\/\/phytosemsarl.com\/index.php\/wp-json\/wp\/v2\/product_tag?post=5151"}],"curies":[{"name":"wp","href":"https:\/\/api.w.org\/{rel}","templated":true}]}}