{"id":5147,"date":"2022-05-20T11:34:01","date_gmt":"2022-05-20T11:34:01","guid":{"rendered":"https:\/\/phytosemsarl.com\/?post_type=product&#038;p=5147"},"modified":"2025-11-09T08:44:19","modified_gmt":"2025-11-09T08:44:19","slug":"x-fert-multi-microliq","status":"publish","type":"product","link":"https:\/\/phytosemsarl.com\/index.php\/produit\/x-fert-multi-microliq\/","title":{"rendered":"X-FERT MULTI-MICROLIQ"},"content":{"rendered":"","protected":false},"excerpt":{"rendered":"<p>1. Croissance \u00e9quilibr\u00e9e saine et sans maladie.<br \/>\n2. Am\u00e9liore l&rsquo;efficacit\u00e9 des principaux \u00e9l\u00e9ments nutritifs des plantes comme l&rsquo;azote, le phosphore et la potasse.<br \/>\n3 Augmente la r\u00e9sistance aux maladies dans les cultures.<br \/>\n4. Am\u00e9liore la qualit\u00e9, la taille, la couleur et le go\u00fbt des graines, des fleurs, des feuilles et des fruits.<br \/>\n5. augmente le rendement en c\u00e9r\u00e9ales, ol\u00e9agineux, l\u00e9gumineuses, arbres fruitiers, l\u00e9gumes. Fleurs, cultures commerciales comme le th\u00e9, le caf\u00e9, la canne \u00e0 sucre et le coton etc.<br \/>\n6. Convient particuli\u00e8rement aux sols calcaires \u00e0 pH \u00e9lev\u00e9 (8,0-8,5).<br \/>\n7. Emp\u00eache la chlorose g\u00e9n\u00e9rale dans les l\u00e9gumineuses, les graines ol\u00e9agineuses et le coton.<br \/>\n9. Fournit une nutrition \u00e9quilibr\u00e9e tout au long du cycle de culture.<br \/>\n10. Am\u00e9liore la formation des fleurs et la croissance des racines.<br \/>\n11.Les cultures fruiti\u00e8res sont tr\u00e8s sensibles \u00e0 la carence en Zn, B et Fe.<br \/>\nZONES D&rsquo;APPLICATION<br \/>\nApplication en agriculture commerciale, cultures de plein champ.<br \/>\nApplication en horticulture et cultures mara\u00eech\u00e8res.<br \/>\nApplication dans les serres.<br \/>\nCULTURES SUGG\u00c9R\u00c9ES<br \/>\nFruits \u00e0 coque, ananas, piments, mangue, papaye, banane, longane, litchi, fruit du dragon, cultures<br \/>\nde fleurs, jasmin, roses, l\u00e9gumes (tomates, pois, piment, chou, chou-fleur, etc.), cucurbitac\u00e9es,<br \/>\nPaddy.<br \/>\nDOSAGE POUR MULTI-MICROLIQ.<br \/>\n3-5 ml \/ litre d&rsquo;eau<br \/>\nEMBALLAGE DISPONIBLE:1 Lit,500 ml<br \/>\nIMPORTATEUR PARTENAIRE EXCLUSIF<br \/>\nPOUR L&rsquo;AFRIQUE DE L&rsquo;OUEST)<\/p>\n","protected":false},"featured_media":5218,"comment_status":"open","ping_status":"closed","template":"","meta":{"om_disable_all_campaigns":false,"_monsterinsights_skip_tracking":false,"_monsterinsights_sitenote_active":false,"_monsterinsights_sitenote_note":"","_monsterinsights_sitenote_category":0,"site-sidebar-layout":"default","site-content-layout":"default","ast-site-content-layout":"default","site-content-style":"default","site-sidebar-style":"default","ast-global-header-display":"","ast-banner-title-visibility":"","ast-main-header-display":"","ast-hfb-above-header-display":"","ast-hfb-below-header-display":"","ast-hfb-mobile-header-display":"","site-post-title":"","ast-breadcrumbs-content":"","ast-featured-img":"","footer-sml-layout":"","ast-disable-related-posts":"","theme-transparent-header-meta":"default","adv-header-id-meta":"","stick-header-meta":"","header-above-stick-meta":"","header-main-stick-meta":"","header-below-stick-meta":"","astra-migrate-meta-layouts":"default","ast-page-background-enabled":"default","ast-page-background-meta":{"desktop":{"background-color":"","background-image":"","background-repeat":"repeat","background-position":"center center","background-size":"auto","background-attachment":"scroll","background-type":"","background-media":"","overlay-type":"","overlay-color":"","overlay-opacity":"","overlay-gradient":""},"tablet":{"background-color":"","background-image":"","background-repeat":"repeat","background-position":"center center","background-size":"auto","background-attachment":"scroll","background-type":"","background-media":"","overlay-type":"","overlay-color":"","overlay-opacity":"","overlay-gradient":""},"mobile":{"background-color":"","background-image":"","background-repeat":"repeat","background-position":"center center","background-size":"auto","background-attachment":"scroll","background-type":"","background-media":"","overlay-type":"","overlay-color":"","overlay-opacity":"","overlay-gradient":""}},"ast-content-background-meta":{"desktop":{"background-color":"var(--ast-global-color-5)","background-image":"","background-repeat":"repeat","background-position":"center center","background-size":"auto","background-attachment":"scroll","background-type":"","background-media":"","overlay-type":"","overlay-color":"","overlay-opacity":"","overlay-gradient":""},"tablet":{"background-color":"var(--ast-global-color-5)","background-image":"","background-repeat":"repeat","background-position":"center center","background-size":"auto","background-attachment":"scroll","background-type":"","background-media":"","overlay-type":"","overlay-color":"","overlay-opacity":"","overlay-gradient":""},"mobile":{"background-color":"var(--ast-global-color-5)","background-image":"","background-repeat":"repeat","background-position":"center center","background-size":"auto","background-attachment":"scroll","background-type":"","background-media":"","overlay-type":"","overlay-color":"","overlay-opacity":"","overlay-gradient":""}}},"product_brand":[],"product_cat":[33],"product_tag":[],"class_list":{"0":"post-5147","1":"product","2":"type-product","3":"status-publish","4":"has-post-thumbnail","6":"product_cat-produits","7":"desktop-align-left","8":"tablet-align-left","9":"mobile-align-left","11":"first","12":"instock","13":"shipping-taxable","14":"product-type-simple"},"aioseo_notices":[],"jetpack-related-posts":[],"jetpack_sharing_enabled":true,"_links":{"self":[{"href":"https:\/\/phytosemsarl.com\/index.php\/wp-json\/wp\/v2\/product\/5147","targetHints":{"allow":["GET"]}}],"collection":[{"href":"https:\/\/phytosemsarl.com\/index.php\/wp-json\/wp\/v2\/product"}],"about":[{"href":"https:\/\/phytosemsarl.com\/index.php\/wp-json\/wp\/v2\/types\/product"}],"replies":[{"embeddable":true,"href":"https:\/\/phytosemsarl.com\/index.php\/wp-json\/wp\/v2\/comments?post=5147"}],"wp:featuredmedia":[{"embeddable":true,"href":"https:\/\/phytosemsarl.com\/index.php\/wp-json\/wp\/v2\/media\/5218"}],"wp:attachment":[{"href":"https:\/\/phytosemsarl.com\/index.php\/wp-json\/wp\/v2\/media?parent=5147"}],"wp:term":[{"taxonomy":"product_brand","embeddable":true,"href":"https:\/\/phytosemsarl.com\/index.php\/wp-json\/wp\/v2\/product_brand?post=5147"},{"taxonomy":"product_cat","embeddable":true,"href":"https:\/\/phytosemsarl.com\/index.php\/wp-json\/wp\/v2\/product_cat?post=5147"},{"taxonomy":"product_tag","embeddable":true,"href":"https:\/\/phytosemsarl.com\/index.php\/wp-json\/wp\/v2\/product_tag?post=5147"}],"curies":[{"name":"wp","href":"https:\/\/api.w.org\/{rel}","templated":true}]}}