{"id":5145,"date":"2022-05-20T11:29:58","date_gmt":"2022-05-20T11:29:58","guid":{"rendered":"https:\/\/phytosemsarl.com\/?post_type=product&#038;p=5145"},"modified":"2025-11-09T08:45:01","modified_gmt":"2025-11-09T08:45:01","slug":"x-fert-umikstar","status":"publish","type":"product","link":"https:\/\/phytosemsarl.com\/index.php\/produit\/x-fert-umikstar\/","title":{"rendered":"X-FERT UMIKSTAR"},"content":{"rendered":"","protected":false},"excerpt":{"rendered":"<p>LES USAGES<br \/>\n1. X-Fert U-mik Star stimule les enzymes v\u00e9g\u00e9tales et la prolif\u00e9ration de micro-organismes, levures et algues souhaitables<br \/>\n2. L&rsquo;application de U-mik Star acc\u00e9l\u00e8re la formation des racines et la perm\u00e9abilit\u00e9 des membranes<br \/>\nv\u00e9g\u00e9tales, favorisant ainsi l&rsquo;apport de nutriments et augmentant la teneur en vitamines des plantes.<br \/>\n3. U-mik Star joue un r\u00f4le actifentant que catalyseur organique, stimule la croissance des racines et favorise la division cellulaire, augmentant ainsi le ratio de d\u00e9veloppement des syst\u00e8mes v\u00e9g\u00e9taux et racinaires.<br \/>\n4. U-mik Star am\u00e9liore la texture du sol, les propri\u00e9t\u00e9s tampon et la capacit\u00e9 de r\u00e9tention d&rsquo;eau.<br \/>\n5. U-mik Star poss\u00e8de une capacit\u00e9 d&rsquo;\u00e9change d&rsquo;ions extr\u00eamement \u00e9lev\u00e9e, ce qui favorise la conversion de la vari\u00e9t\u00e9 d&rsquo;\u00e9l\u00e9ments sous des formes appropri\u00e9es pour la plante. Aide \u00e0 la ch\u00e9lation des ions naturellement disponibles.<br \/>\nAVANTAGES<br \/>\nGermination acc\u00e9l\u00e9r\u00e9e<br \/>\nAm\u00e9liore la vigueur des semis et la croissance des racines<br \/>\nAm\u00e9lioration de l&rsquo;absorption et de la translocation des micro et macro nutriments<br \/>\nY compris maturit\u00e9 pr\u00e9coce<br \/>\nAider les plantes \u00e0 am\u00e9liorer leur rendement et \u00e0 am\u00e9liorer la qualit\u00e9 des cultures<br \/>\nDOSAGE: U-MIK Star<br \/>\nTraitement des serences:2-5 g \/ kg de semences en quantit\u00e9 suffisante d&rsquo;eau<br \/>\nTrempette:2-5 g par litre d&rsquo;eau<br \/>\nIrrigation goutte \u00e0 goutte et arrosage: 1 kg \/ acre<br \/>\nPulv\u00e9risationfoliaire:1-2 g par litre d&rsquo;eau lors des stades de croissance et de reproduction<br \/>\nDOSAGE:U-Mik Star<br \/>\nTraitement des serences:5 \u00e0 10 ml \/ kg de semences en quantit\u00e9 suffisante d&rsquo;eau<br \/>\nEnsemencement \/ trempage racinaire: 2-5ml par litre d&rsquo;eau<br \/>\nIrrigation goutte \u00e0 goutteetarrosage:1 litre \/ acre<br \/>\nSpray foliaire: 1-2 ml par litre d&rsquo;eau aux stades de croissance et de reproduction actifs<br \/>\nEMBALLAGE DISPONIBLE : 1 litre, 500 ml<\/p>\n","protected":false},"featured_media":5219,"comment_status":"open","ping_status":"closed","template":"","meta":{"om_disable_all_campaigns":false,"_monsterinsights_skip_tracking":false,"_monsterinsights_sitenote_active":false,"_monsterinsights_sitenote_note":"","_monsterinsights_sitenote_category":0,"site-sidebar-layout":"default","site-content-layout":"default","ast-site-content-layout":"default","site-content-style":"default","site-sidebar-style":"default","ast-global-header-display":"","ast-banner-title-visibility":"","ast-main-header-display":"","ast-hfb-above-header-display":"","ast-hfb-below-header-display":"","ast-hfb-mobile-header-display":"","site-post-title":"","ast-breadcrumbs-content":"","ast-featured-img":"","footer-sml-layout":"","ast-disable-related-posts":"","theme-transparent-header-meta":"default","adv-header-id-meta":"","stick-header-meta":"","header-above-stick-meta":"","header-main-stick-meta":"","header-below-stick-meta":"","astra-migrate-meta-layouts":"default","ast-page-background-enabled":"default","ast-page-background-meta":{"desktop":{"background-color":"","background-image":"","background-repeat":"repeat","background-position":"center center","background-size":"auto","background-attachment":"scroll","background-type":"","background-media":"","overlay-type":"","overlay-color":"","overlay-opacity":"","overlay-gradient":""},"tablet":{"background-color":"","background-image":"","background-repeat":"repeat","background-position":"center center","background-size":"auto","background-attachment":"scroll","background-type":"","background-media":"","overlay-type":"","overlay-color":"","overlay-opacity":"","overlay-gradient":""},"mobile":{"background-color":"","background-image":"","background-repeat":"repeat","background-position":"center center","background-size":"auto","background-attachment":"scroll","background-type":"","background-media":"","overlay-type":"","overlay-color":"","overlay-opacity":"","overlay-gradient":""}},"ast-content-background-meta":{"desktop":{"background-color":"var(--ast-global-color-5)","background-image":"","background-repeat":"repeat","background-position":"center center","background-size":"auto","background-attachment":"scroll","background-type":"","background-media":"","overlay-type":"","overlay-color":"","overlay-opacity":"","overlay-gradient":""},"tablet":{"background-color":"var(--ast-global-color-5)","background-image":"","background-repeat":"repeat","background-position":"center center","background-size":"auto","background-attachment":"scroll","background-type":"","background-media":"","overlay-type":"","overlay-color":"","overlay-opacity":"","overlay-gradient":""},"mobile":{"background-color":"var(--ast-global-color-5)","background-image":"","background-repeat":"repeat","background-position":"center center","background-size":"auto","background-attachment":"scroll","background-type":"","background-media":"","overlay-type":"","overlay-color":"","overlay-opacity":"","overlay-gradient":""}}},"product_brand":[],"product_cat":[33],"product_tag":[],"class_list":{"0":"post-5145","1":"product","2":"type-product","3":"status-publish","4":"has-post-thumbnail","6":"product_cat-produits","7":"desktop-align-left","8":"tablet-align-left","9":"mobile-align-left","11":"first","12":"instock","13":"shipping-taxable","14":"product-type-simple"},"aioseo_notices":[],"jetpack-related-posts":[],"jetpack_sharing_enabled":true,"_links":{"self":[{"href":"https:\/\/phytosemsarl.com\/index.php\/wp-json\/wp\/v2\/product\/5145","targetHints":{"allow":["GET"]}}],"collection":[{"href":"https:\/\/phytosemsarl.com\/index.php\/wp-json\/wp\/v2\/product"}],"about":[{"href":"https:\/\/phytosemsarl.com\/index.php\/wp-json\/wp\/v2\/types\/product"}],"replies":[{"embeddable":true,"href":"https:\/\/phytosemsarl.com\/index.php\/wp-json\/wp\/v2\/comments?post=5145"}],"wp:featuredmedia":[{"embeddable":true,"href":"https:\/\/phytosemsarl.com\/index.php\/wp-json\/wp\/v2\/media\/5219"}],"wp:attachment":[{"href":"https:\/\/phytosemsarl.com\/index.php\/wp-json\/wp\/v2\/media?parent=5145"}],"wp:term":[{"taxonomy":"product_brand","embeddable":true,"href":"https:\/\/phytosemsarl.com\/index.php\/wp-json\/wp\/v2\/product_brand?post=5145"},{"taxonomy":"product_cat","embeddable":true,"href":"https:\/\/phytosemsarl.com\/index.php\/wp-json\/wp\/v2\/product_cat?post=5145"},{"taxonomy":"product_tag","embeddable":true,"href":"https:\/\/phytosemsarl.com\/index.php\/wp-json\/wp\/v2\/product_tag?post=5145"}],"curies":[{"name":"wp","href":"https:\/\/api.w.org\/{rel}","templated":true}]}}