{"id":5140,"date":"2022-05-20T11:16:37","date_gmt":"2022-05-20T11:16:37","guid":{"rendered":"https:\/\/phytosemsarl.com\/?post_type=product&#038;p=5140"},"modified":"2025-07-22T19:56:23","modified_gmt":"2025-07-22T19:56:23","slug":"x-fert-blossom","status":"publish","type":"product","link":"https:\/\/phytosemsarl.com\/index.php\/produit\/x-fert-blossom\/","title":{"rendered":"X-FERT LAMINO-C"},"content":{"rendered":"","protected":false},"excerpt":{"rendered":"<p>LAMINO-C<br \/>\nChaque organisme a besoin de certains composants pour se d\u00e9velopper au-dessus du sol, du soleil,<br \/>\nde la pluie et de l&rsquo;air. Le composant de base des cellules vivantes est constitu\u00e9 de prot\u00e9ines, avec des<br \/>\nmat\u00e9riaux constitutifs, des acides amin\u00e9s. Les prot\u00e9ines sont form\u00e9es par une s\u00e9quence d&rsquo;acides amin\u00e9s.<br \/>\nSeuls les acides amin\u00e9s L sont assimil\u00e9s par les plantes. Les acides amin\u00e9s D ne sont pas reconnus par<br \/>\nle locus enzymatique et participent \u00e0 la synth\u00e8se des prot\u00e9ines.<br \/>\nAVANTAGES DE X-FERT LAMINO-C<br \/>\n1. X-fert lamino, rapidement m\u00e9tabolis\u00e9, donne naissance \u00e0 des substances biologiquement actives.<br \/>\nIls dynamisent \u00e9galement et stimulent la v\u00e9g\u00e9tation.<br \/>\n2. X-fert lamino stimule la formation de: chlorophylle, vitamines, acide indole-3-ac\u00e9tique et divers syst\u00e8mes enzymatiques<br \/>\n3. x-fert lamino induit la floraison chez les plantes.<br \/>\n4. X-fert lamino stimule la nouaison, la pr\u00e9cocit\u00e9, la taille et la coloration des fruits.<br \/>\n5. X-fert lamino am\u00e9liore la qualit\u00e9 des briques<br \/>\n6. X-fert lamino augmente la teneur en vitamines des plantes.<br \/>\nZONES D&rsquo;APPLICATION<br \/>\nApplication \u00e0 grande \u00e9chelle dans les cultures fruiti\u00e8res horticoles. Serre, cultures mara\u00eech\u00e8res.<br \/>\nAgriculture commercial<br \/>\nCULTURES SUGG\u00c9R\u00c9ES<br \/>\nCoton, piments, raisins, grenade, plantes \u00e0 fleurs, jasmin, roses, l\u00e9gumes (tomates, pois, poivrons,<br \/>\nchou, chou-fleur, etc.) Cucurbitac\u00e9es, soja, arachide, gramme, riz, bl\u00e9.<br \/>\nDOSE<br \/>\nLa dose g\u00e9n\u00e9rale recommand\u00e9e est de 1 \u00e0 2 ml. LAMINO dans 1 litre d&rsquo;eau pour pulv\u00e9risation<br \/>\npour tremper les raisins \/ baiesest1-2 ml LAMINO par litre d&rsquo;eau.<br \/>\npour augmenter le sol, les micro-organismesappliquent1 litre de lamino par acre de terre<br \/>\nEMBALLAGE DISPONIBLE : 1 litre, 500 ml<br \/>\nIMPORTATEUR PARTENAIRE EXCLUSIF<br \/>\n(POUR L&rsquo;AFRIQUE DE L&rsquo;OUEST)<\/p>\n","protected":false},"featured_media":5220,"comment_status":"open","ping_status":"closed","template":"","meta":{"om_disable_all_campaigns":false,"_monsterinsights_skip_tracking":false,"_monsterinsights_sitenote_active":false,"_monsterinsights_sitenote_note":"","_monsterinsights_sitenote_category":0,"site-sidebar-layout":"default","site-content-layout":"default","ast-site-content-layout":"default","site-content-style":"default","site-sidebar-style":"default","ast-global-header-display":"","ast-banner-title-visibility":"","ast-main-header-display":"","ast-hfb-above-header-display":"","ast-hfb-below-header-display":"","ast-hfb-mobile-header-display":"","site-post-title":"","ast-breadcrumbs-content":"","ast-featured-img":"","footer-sml-layout":"","ast-disable-related-posts":"","theme-transparent-header-meta":"default","adv-header-id-meta":"","stick-header-meta":"","header-above-stick-meta":"","header-main-stick-meta":"","header-below-stick-meta":"","astra-migrate-meta-layouts":"default","ast-page-background-enabled":"default","ast-page-background-meta":{"desktop":{"background-color":"","background-image":"","background-repeat":"repeat","background-position":"center center","background-size":"auto","background-attachment":"scroll","background-type":"","background-media":"","overlay-type":"","overlay-color":"","overlay-opacity":"","overlay-gradient":""},"tablet":{"background-color":"","background-image":"","background-repeat":"repeat","background-position":"center center","background-size":"auto","background-attachment":"scroll","background-type":"","background-media":"","overlay-type":"","overlay-color":"","overlay-opacity":"","overlay-gradient":""},"mobile":{"background-color":"","background-image":"","background-repeat":"repeat","background-position":"center center","background-size":"auto","background-attachment":"scroll","background-type":"","background-media":"","overlay-type":"","overlay-color":"","overlay-opacity":"","overlay-gradient":""}},"ast-content-background-meta":{"desktop":{"background-color":"var(--ast-global-color-5)","background-image":"","background-repeat":"repeat","background-position":"center center","background-size":"auto","background-attachment":"scroll","background-type":"","background-media":"","overlay-type":"","overlay-color":"","overlay-opacity":"","overlay-gradient":""},"tablet":{"background-color":"var(--ast-global-color-5)","background-image":"","background-repeat":"repeat","background-position":"center center","background-size":"auto","background-attachment":"scroll","background-type":"","background-media":"","overlay-type":"","overlay-color":"","overlay-opacity":"","overlay-gradient":""},"mobile":{"background-color":"var(--ast-global-color-5)","background-image":"","background-repeat":"repeat","background-position":"center center","background-size":"auto","background-attachment":"scroll","background-type":"","background-media":"","overlay-type":"","overlay-color":"","overlay-opacity":"","overlay-gradient":""}}},"product_brand":[],"product_cat":[33],"product_tag":[],"class_list":{"0":"post-5140","1":"product","2":"type-product","3":"status-publish","4":"has-post-thumbnail","6":"product_cat-produits","7":"desktop-align-left","8":"tablet-align-left","9":"mobile-align-left","11":"first","12":"instock","13":"featured","14":"shipping-taxable","15":"product-type-simple"},"aioseo_notices":[],"jetpack-related-posts":[],"jetpack_sharing_enabled":true,"_links":{"self":[{"href":"https:\/\/phytosemsarl.com\/index.php\/wp-json\/wp\/v2\/product\/5140","targetHints":{"allow":["GET"]}}],"collection":[{"href":"https:\/\/phytosemsarl.com\/index.php\/wp-json\/wp\/v2\/product"}],"about":[{"href":"https:\/\/phytosemsarl.com\/index.php\/wp-json\/wp\/v2\/types\/product"}],"replies":[{"embeddable":true,"href":"https:\/\/phytosemsarl.com\/index.php\/wp-json\/wp\/v2\/comments?post=5140"}],"wp:featuredmedia":[{"embeddable":true,"href":"https:\/\/phytosemsarl.com\/index.php\/wp-json\/wp\/v2\/media\/5220"}],"wp:attachment":[{"href":"https:\/\/phytosemsarl.com\/index.php\/wp-json\/wp\/v2\/media?parent=5140"}],"wp:term":[{"taxonomy":"product_brand","embeddable":true,"href":"https:\/\/phytosemsarl.com\/index.php\/wp-json\/wp\/v2\/product_brand?post=5140"},{"taxonomy":"product_cat","embeddable":true,"href":"https:\/\/phytosemsarl.com\/index.php\/wp-json\/wp\/v2\/product_cat?post=5140"},{"taxonomy":"product_tag","embeddable":true,"href":"https:\/\/phytosemsarl.com\/index.php\/wp-json\/wp\/v2\/product_tag?post=5140"}],"curies":[{"name":"wp","href":"https:\/\/api.w.org\/{rel}","templated":true}]}}