{"id":245,"date":"2018-06-20T07:25:44","date_gmt":"2018-06-20T07:25:44","guid":{"rendered":"https:\/\/phytosemsarl.com\/index.php\/produit\/handpicked-red-chillies\/"},"modified":"2022-05-21T20:14:04","modified_gmt":"2022-05-21T20:14:04","slug":"handpicked-red-chillies","status":"publish","type":"product","link":"https:\/\/phytosemsarl.com\/index.php\/produit\/handpicked-red-chillies\/","title":{"rendered":"La binette"},"content":{"rendered":"<p>La binette est un outil \u00e0 manche court serti d&rsquo;une plaque de fer rectangulaire, large de 15 \u00e0 20 centim\u00e8tres et qui fait un angle aigu avec la douille. Cet outil de jardinage sert pour nettoyer un terrain des mauvaises herbes qui l&rsquo;envahissent; c&rsquo;est ce que l&rsquo;on appelle le binage. Ce vieux mot du jardinage qui date du moyen-\u00e2ge veut dire \u00ab\u00a0faire deux fois\u00a0\u00bb.<\/p>\n","protected":false},"excerpt":{"rendered":"<p>La binette est un outil \u00e0 manche court serti d&rsquo;une plaque de fer rectangulaire, large de 15 \u00e0 20 centim\u00e8tres et qui fait un angle aigu avec la douille. Cet outil de jardinage sert pour nettoyer un terrain des mauvaises herbes qui l&rsquo;envahissent; c&rsquo;est ce que l&rsquo;on appelle le binage. Ce vieux mot du jardinage qui date du moyen-\u00e2ge veut dire \u00ab\u00a0faire deux fois\u00a0\u00bb.<\/p>\n","protected":false},"featured_media":5222,"comment_status":"open","ping_status":"closed","template":"","meta":{"om_disable_all_campaigns":false,"_monsterinsights_skip_tracking":false,"_monsterinsights_sitenote_active":false,"_monsterinsights_sitenote_note":"","_monsterinsights_sitenote_category":0,"site-sidebar-layout":"default","site-content-layout":"default","ast-site-content-layout":"default","site-content-style":"default","site-sidebar-style":"default","ast-global-header-display":"","ast-banner-title-visibility":"","ast-main-header-display":"","ast-hfb-above-header-display":"","ast-hfb-below-header-display":"","ast-hfb-mobile-header-display":"","site-post-title":"","ast-breadcrumbs-content":"","ast-featured-img":"","footer-sml-layout":"","ast-disable-related-posts":"","theme-transparent-header-meta":"default","adv-header-id-meta":"","stick-header-meta":"","header-above-stick-meta":"","header-main-stick-meta":"","header-below-stick-meta":"","astra-migrate-meta-layouts":"default","ast-page-background-enabled":"default","ast-page-background-meta":{"desktop":{"background-color":"","background-image":"","background-repeat":"repeat","background-position":"center center","background-size":"auto","background-attachment":"scroll","background-type":"","background-media":"","overlay-type":"","overlay-color":"","overlay-opacity":"","overlay-gradient":""},"tablet":{"background-color":"","background-image":"","background-repeat":"repeat","background-position":"center center","background-size":"auto","background-attachment":"scroll","background-type":"","background-media":"","overlay-type":"","overlay-color":"","overlay-opacity":"","overlay-gradient":""},"mobile":{"background-color":"","background-image":"","background-repeat":"repeat","background-position":"center center","background-size":"auto","background-attachment":"scroll","background-type":"","background-media":"","overlay-type":"","overlay-color":"","overlay-opacity":"","overlay-gradient":""}},"ast-content-background-meta":{"desktop":{"background-color":"var(--ast-global-color-5)","background-image":"","background-repeat":"repeat","background-position":"center center","background-size":"auto","background-attachment":"scroll","background-type":"","background-media":"","overlay-type":"","overlay-color":"","overlay-opacity":"","overlay-gradient":""},"tablet":{"background-color":"var(--ast-global-color-5)","background-image":"","background-repeat":"repeat","background-position":"center center","background-size":"auto","background-attachment":"scroll","background-type":"","background-media":"","overlay-type":"","overlay-color":"","overlay-opacity":"","overlay-gradient":""},"mobile":{"background-color":"var(--ast-global-color-5)","background-image":"","background-repeat":"repeat","background-position":"center center","background-size":"auto","background-attachment":"scroll","background-type":"","background-media":"","overlay-type":"","overlay-color":"","overlay-opacity":"","overlay-gradient":""}}},"product_brand":[],"product_cat":[15],"product_tag":[],"class_list":{"0":"post-245","1":"product","2":"type-product","3":"status-publish","4":"has-post-thumbnail","6":"product_cat-materiels","7":"desktop-align-left","8":"tablet-align-left","9":"mobile-align-left","11":"first","12":"instock","13":"shipping-taxable","14":"product-type-simple"},"aioseo_notices":[],"jetpack-related-posts":[],"jetpack_sharing_enabled":true,"_links":{"self":[{"href":"https:\/\/phytosemsarl.com\/index.php\/wp-json\/wp\/v2\/product\/245","targetHints":{"allow":["GET"]}}],"collection":[{"href":"https:\/\/phytosemsarl.com\/index.php\/wp-json\/wp\/v2\/product"}],"about":[{"href":"https:\/\/phytosemsarl.com\/index.php\/wp-json\/wp\/v2\/types\/product"}],"replies":[{"embeddable":true,"href":"https:\/\/phytosemsarl.com\/index.php\/wp-json\/wp\/v2\/comments?post=245"}],"wp:featuredmedia":[{"embeddable":true,"href":"https:\/\/phytosemsarl.com\/index.php\/wp-json\/wp\/v2\/media\/5222"}],"wp:attachment":[{"href":"https:\/\/phytosemsarl.com\/index.php\/wp-json\/wp\/v2\/media?parent=245"}],"wp:term":[{"taxonomy":"product_brand","embeddable":true,"href":"https:\/\/phytosemsarl.com\/index.php\/wp-json\/wp\/v2\/product_brand?post=245"},{"taxonomy":"product_cat","embeddable":true,"href":"https:\/\/phytosemsarl.com\/index.php\/wp-json\/wp\/v2\/product_cat?post=245"},{"taxonomy":"product_tag","embeddable":true,"href":"https:\/\/phytosemsarl.com\/index.php\/wp-json\/wp\/v2\/product_tag?post=245"}],"curies":[{"name":"wp","href":"https:\/\/api.w.org\/{rel}","templated":true}]}}