{"id":5318,"date":"2022-05-22T14:55:29","date_gmt":"2022-05-22T14:55:29","guid":{"rendered":"https:\/\/phytosemsarl.com\/?page_id=5318"},"modified":"2022-05-22T23:21:33","modified_gmt":"2022-05-22T23:21:33","slug":"machines","status":"publish","type":"page","link":"https:\/\/phytosemsarl.com\/index.php\/machines\/","title":{"rendered":"Machines"},"content":{"rendered":"\t\t<div data-elementor-type=\"wp-page\" data-elementor-id=\"5318\" class=\"elementor elementor-5318\">\n\t\t\t\t\t\t<section class=\"elementor-section elementor-top-section elementor-element elementor-element-9b81323 elementor-section-boxed elementor-section-height-default elementor-section-height-default\" data-id=\"9b81323\" data-element_type=\"section\" data-e-type=\"section\">\n\t\t\t\t\t\t<div class=\"elementor-container elementor-column-gap-default\">\n\t\t\t\t\t<div class=\"elementor-column elementor-col-100 elementor-top-column elementor-element elementor-element-f20e4ed\" data-id=\"f20e4ed\" data-element_type=\"column\" data-e-type=\"column\">\n\t\t\t<div class=\"elementor-widget-wrap elementor-element-populated\">\n\t\t\t\t\t\t<div class=\"elementor-element elementor-element-6a8eed9 elementor-widget elementor-widget-heading\" data-id=\"6a8eed9\" data-element_type=\"widget\" data-e-type=\"widget\" data-widget_type=\"heading.default\">\n\t\t\t\t<div class=\"elementor-widget-container\">\n\t\t\t\t\t<h2 class=\"elementor-heading-title elementor-size-default\">Machines de transport<\/h2>\t\t\t\t<\/div>\n\t\t\t\t<\/div>\n\t\t\t\t\t<\/div>\n\t\t<\/div>\n\t\t\t\t\t<\/div>\n\t\t<\/section>\n\t\t\t\t<section class=\"elementor-section elementor-top-section elementor-element elementor-element-f561b60 elementor-section-boxed elementor-section-height-default elementor-section-height-default\" data-id=\"f561b60\" data-element_type=\"section\" data-e-type=\"section\">\n\t\t\t\t\t\t<div class=\"elementor-container elementor-column-gap-default\">\n\t\t\t\t\t<div class=\"elementor-column elementor-col-100 elementor-top-column elementor-element elementor-element-793ec8f\" data-id=\"793ec8f\" data-element_type=\"column\" data-e-type=\"column\">\n\t\t\t<div class=\"elementor-widget-wrap elementor-element-populated\">\n\t\t\t\t\t\t<div class=\"elementor-element elementor-element-0a92b41 elementor-widget elementor-widget-spacer\" data-id=\"0a92b41\" data-element_type=\"widget\" data-e-type=\"widget\" data-widget_type=\"spacer.default\">\n\t\t\t\t<div class=\"elementor-widget-container\">\n\t\t\t\t\t\t\t<div class=\"elementor-spacer\">\n\t\t\t<div class=\"elementor-spacer-inner\"><\/div>\n\t\t<\/div>\n\t\t\t\t\t\t<\/div>\n\t\t\t\t<\/div>\n\t\t\t\t<div class=\"elementor-element elementor-element-073e023 elementor-widget elementor-widget-shortcode\" data-id=\"073e023\" data-element_type=\"widget\" data-e-type=\"widget\" data-widget_type=\"shortcode.default\">\n\t\t\t\t<div class=\"elementor-widget-container\">\n\t\t\t\t\t\t\t<div class=\"elementor-shortcode\"><div class=\"woocommerce columns-4 \"><ul class=\"products columns-4\">\n<li class=\"desktop-align-left tablet-align-left mobile-align-left product type-product post-5155 status-publish first instock product_cat-machines has-post-thumbnail shipping-taxable purchasable product-type-simple\">\n\t<a href=\"https:\/\/phytosemsarl.com\/index.php\/produit\/decortiqueuse-a-riz\/\" class=\"woocommerce-LoopProduct-link woocommerce-loop-product__link\"><img fetchpriority=\"high\" decoding=\"async\" width=\"300\" height=\"300\" src=\"https:\/\/i0.wp.com\/phytosemsarl.com\/wp-content\/uploads\/2022\/05\/Vente-privee-pour-le-Black-Friday-230-%C3%97-300-mm-36.png?resize=300%2C300&amp;ssl=1\" class=\"attachment-woocommerce_thumbnail size-woocommerce_thumbnail\" alt=\"D\u00e9cortiqueuse \u00e0 riz\" \/><h2 class=\"woocommerce-loop-product__title\">D\u00e9cortiqueuse \u00e0 riz<\/h2>\n\t<span class=\"price\"><span class=\"woocommerce-Price-amount amount\"><bdi><span class=\"woocommerce-Price-currencySymbol\">CFA<\/span>&nbsp;100<\/bdi><\/span><\/span>\n<\/a><a href=\"\/index.php\/wp-json\/wp\/v2\/pages\/5318?add-to-cart=5155\" aria-describedby=\"woocommerce_loop_add_to_cart_link_describedby_5155\" data-quantity=\"1\" class=\"button product_type_simple add_to_cart_button ajax_add_to_cart\" data-product_id=\"5155\" data-product_sku=\"\" aria-label=\"Ajouter au panier\u00a0: &ldquo;D\u00e9cortiqueuse \u00e0 riz&rdquo;\" rel=\"nofollow\" data-success_message=\"\u00ab\u00a0D\u00e9cortiqueuse \u00e0 riz\u00a0\u00bb a \u00e9t\u00e9 ajout\u00e9 \u00e0 votre panier\" role=\"button\">Ajouter au panier<\/a>\t<span id=\"woocommerce_loop_add_to_cart_link_describedby_5155\" class=\"screen-reader-text\">\n\t\t\t<\/span>\n<\/li>\n<li class=\"desktop-align-left tablet-align-left mobile-align-left product type-product post-5156 status-publish instock product_cat-machines has-post-thumbnail shipping-taxable product-type-simple\">\n\t<a href=\"https:\/\/phytosemsarl.com\/index.php\/produit\/decortiqueuse-darachides\/\" class=\"woocommerce-LoopProduct-link woocommerce-loop-product__link\"><img decoding=\"async\" width=\"300\" height=\"300\" src=\"https:\/\/i0.wp.com\/phytosemsarl.com\/wp-content\/uploads\/2022\/05\/Vente-privee-pour-le-Black-Friday-230-%C3%97-300-mm-9.png?resize=300%2C300&amp;ssl=1\" class=\"attachment-woocommerce_thumbnail size-woocommerce_thumbnail\" alt=\"D\u00e9cortiqueuse d&#039;arachides\" \/><h2 class=\"woocommerce-loop-product__title\">D\u00e9cortiqueuse d&rsquo;arachides<\/h2>\n<\/a><a href=\"https:\/\/phytosemsarl.com\/index.php\/produit\/decortiqueuse-darachides\/\" aria-describedby=\"woocommerce_loop_add_to_cart_link_describedby_5156\" data-quantity=\"1\" class=\"button product_type_simple\" data-product_id=\"5156\" data-product_sku=\"\" aria-label=\"En savoir plus sur &ldquo;D\u00e9cortiqueuse d&#039;arachides&rdquo;\" rel=\"nofollow\" data-success_message=\"\">Lire la suite<\/a>\t<span id=\"woocommerce_loop_add_to_cart_link_describedby_5156\" class=\"screen-reader-text\">\n\t\t\t<\/span>\n<\/li>\n<li class=\"desktop-align-left tablet-align-left mobile-align-left product type-product post-5130 status-publish instock product_cat-machines has-post-thumbnail shipping-taxable product-type-simple\">\n\t<a href=\"https:\/\/phytosemsarl.com\/index.php\/produit\/moulin-a-mil\/\" class=\"woocommerce-LoopProduct-link woocommerce-loop-product__link\"><img decoding=\"async\" width=\"300\" height=\"300\" src=\"https:\/\/i0.wp.com\/phytosemsarl.com\/wp-content\/uploads\/2022\/05\/Vente-privee-pour-le-Black-Friday-230-%C3%97-300-mm-8.png?resize=300%2C300&amp;ssl=1\" class=\"attachment-woocommerce_thumbnail size-woocommerce_thumbnail\" alt=\"Motoculteur\" \/><h2 class=\"woocommerce-loop-product__title\">Motoculteur<\/h2>\n<\/a><a href=\"https:\/\/phytosemsarl.com\/index.php\/produit\/moulin-a-mil\/\" aria-describedby=\"woocommerce_loop_add_to_cart_link_describedby_5130\" data-quantity=\"1\" class=\"button product_type_simple\" data-product_id=\"5130\" data-product_sku=\"\" aria-label=\"En savoir plus sur &ldquo;Motoculteur&rdquo;\" rel=\"nofollow\" data-success_message=\"\">Lire la suite<\/a>\t<span id=\"woocommerce_loop_add_to_cart_link_describedby_5130\" class=\"screen-reader-text\">\n\t\t\t<\/span>\n<\/li>\n<li class=\"desktop-align-left tablet-align-left mobile-align-left product type-product post-5154 status-publish last instock product_cat-machines has-post-thumbnail shipping-taxable product-type-simple\">\n\t<a href=\"https:\/\/phytosemsarl.com\/index.php\/produit\/moulin-a-mil-2\/\" class=\"woocommerce-LoopProduct-link woocommerce-loop-product__link\"><img loading=\"lazy\" decoding=\"async\" width=\"300\" height=\"300\" src=\"https:\/\/i0.wp.com\/phytosemsarl.com\/wp-content\/uploads\/2022\/05\/Vente-privee-pour-le-Black-Friday-230-%C3%97-300-mm-6.png?resize=300%2C300&amp;ssl=1\" class=\"attachment-woocommerce_thumbnail size-woocommerce_thumbnail\" alt=\"Moulin \u00e0 mil\" \/><h2 class=\"woocommerce-loop-product__title\">Moulin \u00e0 mil<\/h2>\n<\/a><a href=\"https:\/\/phytosemsarl.com\/index.php\/produit\/moulin-a-mil-2\/\" aria-describedby=\"woocommerce_loop_add_to_cart_link_describedby_5154\" data-quantity=\"1\" class=\"button product_type_simple\" data-product_id=\"5154\" data-product_sku=\"\" aria-label=\"En savoir plus sur &ldquo;Moulin \u00e0 mil&rdquo;\" rel=\"nofollow\" data-success_message=\"\">Lire la suite<\/a>\t<span id=\"woocommerce_loop_add_to_cart_link_describedby_5154\" class=\"screen-reader-text\">\n\t\t\t<\/span>\n<\/li>\n<li class=\"desktop-align-left tablet-align-left mobile-align-left product type-product post-5136 status-publish first instock product_cat-machines has-post-thumbnail featured shipping-taxable product-type-simple\">\n\t<a href=\"https:\/\/phytosemsarl.com\/index.php\/produit\/presse-a-huile-de-palme\/\" class=\"woocommerce-LoopProduct-link woocommerce-loop-product__link\"><img loading=\"lazy\" decoding=\"async\" width=\"300\" height=\"300\" src=\"https:\/\/i0.wp.com\/phytosemsarl.com\/wp-content\/uploads\/2022\/05\/Vente-privee-pour-le-Black-Friday-230-%C3%97-300-mm-7.png?resize=300%2C300&amp;ssl=1\" class=\"attachment-woocommerce_thumbnail size-woocommerce_thumbnail\" alt=\"Presse \u00e0 huile de palme\" \/><h2 class=\"woocommerce-loop-product__title\">Presse \u00e0 huile de palme<\/h2>\n<\/a><a href=\"https:\/\/phytosemsarl.com\/index.php\/produit\/presse-a-huile-de-palme\/\" aria-describedby=\"woocommerce_loop_add_to_cart_link_describedby_5136\" data-quantity=\"1\" class=\"button product_type_simple\" data-product_id=\"5136\" data-product_sku=\"\" aria-label=\"En savoir plus sur &ldquo;Presse \u00e0 huile de palme&rdquo;\" rel=\"nofollow\" data-success_message=\"\">Lire la suite<\/a>\t<span id=\"woocommerce_loop_add_to_cart_link_describedby_5136\" class=\"screen-reader-text\">\n\t\t\t<\/span>\n<\/li>\n<\/ul>\n<\/div> <\/div>\n\t\t\t\t\t\t<\/div>\n\t\t\t\t<\/div>\n\t\t\t\t\t<\/div>\n\t\t<\/div>\n\t\t\t\t\t<\/div>\n\t\t<\/section>\n\t\t\t\t<\/div>\n\t\t","protected":false},"excerpt":{"rendered":"<p>Machines de transport<\/p>\n","protected":false},"author":1,"featured_media":0,"parent":0,"menu_order":0,"comment_status":"closed","ping_status":"closed","template":"","meta":{"om_disable_all_campaigns":false,"_monsterinsights_skip_tracking":false,"_monsterinsights_sitenote_active":false,"_monsterinsights_sitenote_note":"","_monsterinsights_sitenote_category":0,"site-sidebar-layout":"no-sidebar","site-content-layout":"page-builder","ast-site-content-layout":"default","site-content-style":"default","site-sidebar-style":"default","ast-global-header-display":"","ast-banner-title-visibility":"","ast-main-header-display":"","ast-hfb-above-header-display":"","ast-hfb-below-header-display":"","ast-hfb-mobile-header-display":"","site-post-title":"disabled","ast-breadcrumbs-content":"","ast-featured-img":"disabled","footer-sml-layout":"","ast-disable-related-posts":"","theme-transparent-header-meta":"","adv-header-id-meta":"","stick-header-meta":"","header-above-stick-meta":"","header-main-stick-meta":"","header-below-stick-meta":"","astra-migrate-meta-layouts":"default","ast-page-background-enabled":"default","ast-page-background-meta":{"desktop":{"background-color":"","background-image":"","background-repeat":"repeat","background-position":"center center","background-size":"auto","background-attachment":"scroll","background-type":"","background-media":"","overlay-type":"","overlay-color":"","overlay-opacity":"","overlay-gradient":""},"tablet":{"background-color":"","background-image":"","background-repeat":"repeat","background-position":"center center","background-size":"auto","background-attachment":"scroll","background-type":"","background-media":"","overlay-type":"","overlay-color":"","overlay-opacity":"","overlay-gradient":""},"mobile":{"background-color":"","background-image":"","background-repeat":"repeat","background-position":"center center","background-size":"auto","background-attachment":"scroll","background-type":"","background-media":"","overlay-type":"","overlay-color":"","overlay-opacity":"","overlay-gradient":""}},"ast-content-background-meta":{"desktop":{"background-color":"var(--ast-global-color-5)","background-image":"","background-repeat":"repeat","background-position":"center center","background-size":"auto","background-attachment":"scroll","background-type":"","background-media":"","overlay-type":"","overlay-color":"","overlay-opacity":"","overlay-gradient":""},"tablet":{"background-color":"var(--ast-global-color-5)","background-image":"","background-repeat":"repeat","background-position":"center center","background-size":"auto","background-attachment":"scroll","background-type":"","background-media":"","overlay-type":"","overlay-color":"","overlay-opacity":"","overlay-gradient":""},"mobile":{"background-color":"var(--ast-global-color-5)","background-image":"","background-repeat":"repeat","background-position":"center center","background-size":"auto","background-attachment":"scroll","background-type":"","background-media":"","overlay-type":"","overlay-color":"","overlay-opacity":"","overlay-gradient":""}},"footnotes":""},"class_list":["post-5318","page","type-page","status-publish","hentry"],"aioseo_notices":[],"jetpack-related-posts":[],"jetpack_sharing_enabled":true,"_links":{"self":[{"href":"https:\/\/phytosemsarl.com\/index.php\/wp-json\/wp\/v2\/pages\/5318","targetHints":{"allow":["GET"]}}],"collection":[{"href":"https:\/\/phytosemsarl.com\/index.php\/wp-json\/wp\/v2\/pages"}],"about":[{"href":"https:\/\/phytosemsarl.com\/index.php\/wp-json\/wp\/v2\/types\/page"}],"author":[{"embeddable":true,"href":"https:\/\/phytosemsarl.com\/index.php\/wp-json\/wp\/v2\/users\/1"}],"replies":[{"embeddable":true,"href":"https:\/\/phytosemsarl.com\/index.php\/wp-json\/wp\/v2\/comments?post=5318"}],"version-history":[{"count":4,"href":"https:\/\/phytosemsarl.com\/index.php\/wp-json\/wp\/v2\/pages\/5318\/revisions"}],"predecessor-version":[{"id":5349,"href":"https:\/\/phytosemsarl.com\/index.php\/wp-json\/wp\/v2\/pages\/5318\/revisions\/5349"}],"wp:attachment":[{"href":"https:\/\/phytosemsarl.com\/index.php\/wp-json\/wp\/v2\/media?parent=5318"}],"curies":[{"name":"wp","href":"https:\/\/api.w.org\/{rel}","templated":true}]}}